{"id":6,"date":"2026-04-22T11:49:31","date_gmt":"2026-04-22T11:49:31","guid":{"rendered":"https:\/\/le-relai.fr\/?page_id=6"},"modified":"2026-04-22T13:15:42","modified_gmt":"2026-04-22T13:15:42","slug":"accueil","status":"publish","type":"page","link":"https:\/\/le-relai.fr\/","title":{"rendered":"Accueil"},"content":{"rendered":"\n<div class=\"wp-block-group has-ast-global-color-6-background-color has-background is-layout-constrained wp-block-group-is-layout-constrained\">\n<h2 class=\"wp-block-heading has-text-align-center has-ast-global-color-2-color has-text-color has-link-color wp-elements-7c7c65e010dd1a501ee9eef0a22b3034\">ASSOCIATION LE RELAI<\/h2>\n\n\n\n<h4 class=\"wp-block-heading has-text-align-center has-ast-global-color-2-color has-text-color has-link-color wp-elements-532537eb4a6704f5830a18b9d35402cd\">AIDE ET MAINTIEN A DOMICILE<\/h4>\n\n\n\n<p class=\"has-text-align-center has-ast-global-color-3-color has-text-color has-link-color wp-elements-ac03096540af207ea5dc6e885547c0d2\">Nous vous accompagnons au quotidien avec des solutions personnalis\u00e9s pour pr\u00e9server votre autonomie et votre bien-\u00eatre \u00e0 domicile<\/p>\n\n\n\n<div class=\"wp-block-buttons is-content-justification-center is-layout-flex wp-container-core-buttons-is-layout-a89b3969 wp-block-buttons-is-layout-flex\">\n<div class=\"wp-block-button\"><a class=\"wp-block-button__link has-text-align-center wp-element-button\" href=\"#contact\">CONTACTEZ NOUS<\/a><\/div>\n<\/div>\n<\/div>\n\n\n\n<div style=\"height:50px\" aria-hidden=\"true\" class=\"wp-block-spacer\"><\/div>\n\n\n\n<h3 class=\"wp-block-heading has-text-align-center\">NOS SERVICES<\/h3>\n\n\n\n<div class=\"wp-block-columns is-layout-flex wp-container-core-columns-is-layout-28f84493 wp-block-columns-is-layout-flex\">\n<div class=\"wp-block-column is-layout-flow wp-block-column-is-layout-flow\">\n<div class=\"wp-block-group has-border-color has-ast-global-color-8-border-color has-ast-global-color-8-background-color has-background is-layout-constrained wp-block-group-is-layout-constrained\" style=\"border-width:25px;box-shadow:var(--wp--preset--shadow--natural)\">\n<h2 class=\"wp-block-heading has-text-align-center has-ast-global-color-4-color has-ast-global-color-2-background-color has-text-color has-background has-link-color wp-elements-f0745ecf5e40f2668b938d51577ac643\">AIDE A LA VIE QUOTIDIENNE<\/h2>\n\n\n\n<ul class=\"wp-block-list has-ast-global-color-8-background-color has-background\">\n<li class=\"has-ast-global-color-8-background-color has-background\">Aide aux courses<\/li>\n\n\n\n<li class=\"has-ast-global-color-8-background-color has-background\">Entretien courant du logement et du linge<\/li>\n\n\n\n<li class=\"has-ast-global-color-8-background-color has-background\">Accompagnement aux sorties, courses, rendez vous m\u00e9dicaux<\/li>\n<\/ul>\n<\/div>\n<\/div>\n\n\n\n<div class=\"wp-block-column has-border-color has-ast-global-color-8-border-color has-ast-global-color-8-background-color has-background is-layout-flow wp-block-column-is-layout-flow\" style=\"border-width:25px;box-shadow:var(--wp--preset--shadow--natural)\">\n<h2 class=\"wp-block-heading has-text-align-center has-ast-global-color-4-color has-ast-global-color-2-background-color has-text-color has-background has-link-color wp-elements-c108726ac5e08d833146f9788eec7f2e\">AIDE A L&rsquo;AUTONOMIE<\/h2>\n\n\n\n<ul class=\"wp-block-list\">\n<li>Aide au lever et au coucher<\/li>\n\n\n\n<li>Aide \u00e0 la toilette<\/li>\n\n\n\n<li>Aide \u00e0 la pr\u00e9paration et \u00e0 la prise de repas<\/li>\n<\/ul>\n<\/div>\n<\/div>\n\n\n\n<div class=\"wp-block-columns is-layout-flex wp-container-core-columns-is-layout-1a3f87fd wp-block-columns-is-layout-flex\" style=\"margin-top:0;margin-bottom:0;padding-top:0;padding-bottom:0\">\n<div class=\"wp-block-column is-layout-flow wp-block-column-is-layout-flow\">\n<div class=\"wp-block-group has-ast-global-color-8-background-color has-background is-layout-constrained wp-block-group-is-layout-constrained\">\n<div class=\"wp-block-group is-layout-constrained wp-block-group-is-layout-constrained\">\n<div class=\"wp-block-group has-border-color has-ast-global-color-8-border-color is-layout-constrained wp-block-group-is-layout-constrained\" style=\"border-width:25px;min-height:320px;box-shadow:var(--wp--preset--shadow--natural)\">\n<h2 class=\"wp-block-heading has-text-align-center has-ast-global-color-4-color has-ast-global-color-2-background-color has-text-color has-background has-link-color wp-elements-cf56793673d753e5342b665565f5fe59\">ASSISTANCE ADMINISTRATIVE<\/h2>\n\n\n\n<ul class=\"wp-block-list\">\n<li>Gestion du courrier, accompagnement d\u00e9marches administratives<\/li>\n\n\n\n<li>Aide aux d\u00e9marches diverses&#8230;<\/li>\n<\/ul>\n<\/div>\n<\/div>\n<\/div>\n<\/div>\n\n\n\n<div class=\"wp-block-column is-layout-flow wp-block-column-is-layout-flow\">\n<div class=\"wp-block-group has-ast-global-color-8-background-color has-background is-layout-constrained wp-block-group-is-layout-constrained\">\n<div class=\"wp-block-group has-border-color has-ast-global-color-8-border-color is-layout-constrained wp-block-group-is-layout-constrained\" style=\"border-width:25px;min-height:320px;box-shadow:var(--wp--preset--shadow--natural)\">\n<h2 class=\"wp-block-heading has-text-align-center has-ast-global-color-4-color has-ast-global-color-2-background-color has-text-color has-background has-link-color wp-elements-67246ca74eff8298242ca1aee14c3edc\">LIEN<\/h2>\n\n\n\n<ul class=\"wp-block-list\">\n<li>Lien social<\/li>\n\n\n\n<li>Retour d&rsquo;hospitalisation<\/li>\n<\/ul>\n<\/div>\n<\/div>\n<\/div>\n<\/div>\n\n\n\n<div style=\"height:50px\" aria-hidden=\"true\" class=\"wp-block-spacer\"><\/div>\n\n\n\n<div class=\"wp-block-group is-layout-constrained wp-block-group-is-layout-constrained\">\n<h2 class=\"wp-block-heading has-text-align-center\" style=\"margin-top:0;margin-bottom:0;padding-top:var(--wp--preset--spacing--50);padding-bottom:var(--wp--preset--spacing--50)\">UN ACCOMPAGNEMENT SUR MESURE<\/h2>\n\n\n\n<ul class=\"wp-block-list\">\n<li>Bilan et Accompagnement personnalis\u00e9 des besoins<\/li>\n\n\n\n<li>Assistance au quotidien<\/li>\n\n\n\n<li>S\u00e9lection de votre auxiliaire de vie<\/li>\n\n\n\n<li>Des remplacements assur\u00e9s<\/li>\n\n\n\n<li>Adaptation selon l&rsquo;\u00e9volution des besoins<\/li>\n\n\n\n<li>Astreinte 24h\/24 et 7h\/7<\/li>\n<\/ul>\n<\/div>\n\n\n\n<div class=\"wp-block-columns is-layout-flex wp-container-core-columns-is-layout-28f84493 wp-block-columns-is-layout-flex\">\n<div class=\"wp-block-column has-ast-global-color-2-background-color has-background is-layout-flow wp-block-column-is-layout-flow\">\n<h2 class=\"wp-block-heading has-text-align-center has-ast-global-color-4-color has-ast-global-color-2-background-color has-text-color has-background has-link-color wp-elements-931159c10e265864a07866cc83021c36\">PRESTATAIRE<\/h2>\n<\/div>\n\n\n\n<div class=\"wp-block-column has-ast-global-color-2-background-color has-background is-layout-flow wp-block-column-is-layout-flow\">\n<h2 class=\"wp-block-heading has-text-align-center has-ast-global-color-4-color has-ast-global-color-2-background-color has-text-color has-background has-link-color wp-elements-644fa6d646cda5441e280cfb1994ca38\">MANDATAIRE<\/h2>\n<\/div>\n\n\n\n<div class=\"wp-block-column is-layout-flow wp-block-column-is-layout-flow\">\n<h2 class=\"wp-block-heading has-text-align-center has-ast-global-color-4-color has-ast-global-color-2-background-color has-text-color has-background has-link-color wp-elements-313a18abeec78c804b718dcb181ec9df\">MISE A DISPOSITION<\/h2>\n<\/div>\n<\/div>\n\n\n\n<h2 class=\"wp-block-heading\">FINANCEMENT<\/h2>\n\n\n\n<p><em><strong>PAS DE FRAIS DE DOSSIER<\/strong><\/em><\/p>\n\n\n\n<ul class=\"wp-block-list\">\n<li>A.P.A \/ P.C.H \/ CPAM \/ MUTUELLE<\/li>\n\n\n\n<li>Ch\u00e8ques CESU accept\u00e9s<\/li>\n\n\n\n<li>\u00c9ligibilit\u00e9 au cr\u00e9dit d&rsquo;imp\u00f4t 50% &#8211; Avance imm\u00e9diate du cr\u00e9dit d&rsquo;imp\u00f4t<\/li>\n<\/ul>\n\n\n\n<div style=\"height:50px\" aria-hidden=\"true\" class=\"wp-block-spacer\"><\/div>\n\n\n\n<h2 class=\"wp-block-heading\" id=\"contact\">CONTACT<\/h2>\n\n\n\n<p>Email : contact@le-relai.fr<\/p>\n\n\n\n<p>Adresse : 4 rue des Alouettes &#8211; 31240 L&rsquo;Union<\/p>\n\n\n\n<p><\/p>\n","protected":false},"excerpt":{"rendered":"<p>ASSOCIATION LE RELAI AIDE ET MAINTIEN A DOMICILE Nous vous accompagnons au quotidien avec des solutions personnalis\u00e9s pour pr\u00e9server votre [&hellip;]<\/p>\n","protected":false},"author":1,"featured_media":0,"parent":0,"menu_order":0,"comment_status":"closed","ping_status":"closed","template":"","meta":{"_uag_custom_page_level_css":"","site-sidebar-layout":"default","site-content-layout":"","ast-site-content-layout":"default","site-content-style":"default","site-sidebar-style":"default","ast-global-header-display":"","ast-banner-title-visibility":"","ast-main-header-display":"","ast-hfb-above-header-display":"","ast-hfb-below-header-display":"","ast-hfb-mobile-header-display":"","site-post-title":"","ast-breadcrumbs-content":"","ast-featured-img":"","footer-sml-layout":"","ast-disable-related-posts":"","theme-transparent-header-meta":"","adv-header-id-meta":"","stick-header-meta":"","header-above-stick-meta":"","header-main-stick-meta":"","header-below-stick-meta":"","astra-migrate-meta-layouts":"default","ast-page-background-enabled":"default","ast-page-background-meta":{"desktop":{"background-color":"var(--ast-global-color-5)","background-image":"","background-repeat":"repeat","background-position":"center center","background-size":"auto","background-attachment":"scroll","background-type":"","background-media":"","overlay-type":"","overlay-color":"","overlay-opacity":"","overlay-gradient":""},"tablet":{"background-color":"","background-image":"","background-repeat":"repeat","background-position":"center center","background-size":"auto","background-attachment":"scroll","background-type":"","background-media":"","overlay-type":"","overlay-color":"","overlay-opacity":"","overlay-gradient":""},"mobile":{"background-color":"","background-image":"","background-repeat":"repeat","background-position":"center center","background-size":"auto","background-attachment":"scroll","background-type":"","background-media":"","overlay-type":"","overlay-color":"","overlay-opacity":"","overlay-gradient":""}},"ast-content-background-meta":{"desktop":{"background-color":"var(--ast-global-color-4)","background-image":"","background-repeat":"repeat","background-position":"center center","background-size":"auto","background-attachment":"scroll","background-type":"","background-media":"","overlay-type":"","overlay-color":"","overlay-opacity":"","overlay-gradient":""},"tablet":{"background-color":"var(--ast-global-color-4)","background-image":"","background-repeat":"repeat","background-position":"center center","background-size":"auto","background-attachment":"scroll","background-type":"","background-media":"","overlay-type":"","overlay-color":"","overlay-opacity":"","overlay-gradient":""},"mobile":{"background-color":"var(--ast-global-color-4)","background-image":"","background-repeat":"repeat","background-position":"center center","background-size":"auto","background-attachment":"scroll","background-type":"","background-media":"","overlay-type":"","overlay-color":"","overlay-opacity":"","overlay-gradient":""}},"footnotes":""},"class_list":["post-6","page","type-page","status-publish","hentry"],"uagb_featured_image_src":{"full":false,"thumbnail":false,"medium":false,"medium_large":false,"large":false,"1536x1536":false,"2048x2048":false},"uagb_author_info":{"display_name":"admin5069","author_link":"https:\/\/le-relai.fr\/index.php\/author\/admin5069\/"},"uagb_comment_info":0,"uagb_excerpt":"ASSOCIATION LE RELAI AIDE ET MAINTIEN A DOMICILE Nous vous accompagnons au quotidien avec des solutions personnalis\u00e9s pour pr\u00e9server votre [&hellip;]","_links":{"self":[{"href":"https:\/\/le-relai.fr\/index.php\/wp-json\/wp\/v2\/pages\/6","targetHints":{"allow":["GET"]}}],"collection":[{"href":"https:\/\/le-relai.fr\/index.php\/wp-json\/wp\/v2\/pages"}],"about":[{"href":"https:\/\/le-relai.fr\/index.php\/wp-json\/wp\/v2\/types\/page"}],"author":[{"embeddable":true,"href":"https:\/\/le-relai.fr\/index.php\/wp-json\/wp\/v2\/users\/1"}],"replies":[{"embeddable":true,"href":"https:\/\/le-relai.fr\/index.php\/wp-json\/wp\/v2\/comments?post=6"}],"version-history":[{"count":5,"href":"https:\/\/le-relai.fr\/index.php\/wp-json\/wp\/v2\/pages\/6\/revisions"}],"predecessor-version":[{"id":20,"href":"https:\/\/le-relai.fr\/index.php\/wp-json\/wp\/v2\/pages\/6\/revisions\/20"}],"wp:attachment":[{"href":"https:\/\/le-relai.fr\/index.php\/wp-json\/wp\/v2\/media?parent=6"}],"curies":[{"name":"wp","href":"https:\/\/api.w.org\/{rel}","templated":true}]}}